{"id":8542,"date":"2013-06-13T07:48:46","date_gmt":"2013-06-13T05:48:46","guid":{"rendered":"https:\/\/myscreenstyle.com\/?page_id=8542"},"modified":"2024-08-30T09:06:14","modified_gmt":"2024-08-30T07:06:14","slug":"home","status":"publish","type":"page","link":"https:\/\/myscreenstyle.com\/es\/","title":{"rendered":"Home"},"content":{"rendered":"<section class=\"l-section wpb_row height_medium full_height valign_center color_primary with_video with_youtube\"><div id=\"us_bg_video_s757\" class=\"l-section-video\"><script>!function(w){var node = document.getElementById( 'us_bg_video_s757' );if ( w.innerWidth <= 600 ) { node.remove() }}(window);<\/script><style>@media(max-width:600px){#us_bg_video_s757{display:none!important}}<\/style><script id=\"youtube_s757\">\r\n\t\t\t\t\twindow.USYTPlayers = ( window.USYTPlayers || { initYTFunctions: [], optionsYT: [], USYTInited: false } );\r\n\t\t\t\t\twindow.USYTPlayers.initYTFunctions.push( function() {\r\n\t\t\t\t\t\tvar player = new YT.Player( \"youtube_s757\" , {\r\n\t\t\t\t\t\t\tvideoId: \"rHnvQ7-IPu0\",\r\n\t\t\t\t\t\t\tplayerVars: {\"playlist\":\"rHnvQ7-IPu0\",\"autohide\":1,\"autoplay\":1,\"mute\":1,\"controls\":0,\"disablekb\":1,\"enablejsapi\":1,\"fs\":0,\"loop\":1,\"rel\":0,\"showinfo\":0},\r\n\t\t\t\t\t\t\tevents: {\r\n\t\t\t\t\t\t\t\tonReady: function ( e ) {\r\n\t\t\t\t\t\t\t\t\te.target.mute();\r\n\t\t\t\t\t\t\t\t\te.target.playVideo();\r\n\t\t\t\t\t\t\t\t\te.target.g.allow = \"autoplay; fullscreen; picture-in-picture\";\r\n\t\t\t\t\t\t\t\t\te.target.g.width = window.innerWidth;\r\n\t\t\t\t\t\t\t\t\te.target.g.loading = \"lazy\";\r\n\t\t\t\t\t\t\t\t\te.target.g.dispatchEvent( new Event( \"resize\", { bubbles: true } ) );\r\n\t\t\t\t\t\t\t\t}\r\n\t\t\t\t\t\t\t}\r\n\t\t\t\t\t\t});\r\n\t\t\t\t\t\tdocument.querySelector( \"script#youtube_api_s757\" ).remove();\r\n\t\t\t\t\t} );\r\n\t\t\t\t\twindow.onYouTubeIframeAPIReady = function() {\r\n\t\t\t\t\t\twindow.USYTPlayers.initYTFunctions.forEach( function( YTPlayer ) {\r\n\t\t\t\t\t\t\tif ( typeof YTPlayer === \"function\" ) {\r\n\t\t\t\t\t\t\t\tYTPlayer();\r\n\t\t\t\t\t\t\t}\r\n\t\t\t\t\t\t} );\r\n\t\t\t\t\t};\r\n\t\t\t\t\tvar script = document.createElement( \"script\" );\r\n\t\t\t\t\tscript.id = \"youtube_api_s757\";\r\n\t\t\t\t\tscript.src = \"https:\/\/www.youtube.com\/iframe_api\";\r\n\t\t\t\t\tdocument.head.append( script );\r\n\t\t\t\t<\/script><\/div><div class=\"l-section-overlay\" style=\"background:rgba(0,0,0,0.60)\"><\/div><div class=\"l-section-h i-cf\"><div class=\"g-cols vc_row via_grid cols_1 laptops-cols_inherit tablets-cols_inherit mobiles-cols_1 valign_top type_default stacking_default\"><div class=\"wpb_column vc_column_container\"><div class=\"vc_column-inner\"><h1 class=\"w-text us_custom_a81f5ee4 us_animate_this\"><span class=\"w-text-h\"><span class=\"w-text-value\">\u00a1Dise\u00f1a tu propia piel!<\/span><\/span><\/h1><div class=\"w-btn-wrapper align_center\"><a class=\"w-btn us-btn-style_27\" href=\"https:\/\/myskin.cutanduse.com\/\"><span class=\"w-btn-label\">IR AL MAGO<\/span><\/a><\/div><\/div><\/div><\/div><\/div><\/section><section class=\"l-section wpb_row height_custom\"><div class=\"l-section-overlay\" style=\"background:#f5f5f5\"><\/div><div class=\"l-section-h i-cf\"><div class=\"g-cols vc_row via_grid cols_2 laptops-cols_inherit tablets-cols_inherit mobiles-cols_1 valign_top type_default stacking_default\"><div class=\"wpb_column vc_column_container\"><div class=\"vc_column-inner\">[vc_custom_heading text=\u00bbL\u00e1mina MyScreen personalizada para la parte posterior de su dispositivo.\u00bb use_theme_fonts=\u00bbyes\u00bb css=\u00bb%7B%22default%22%3A%7B%22font-weight%22%3A%22700%22%2C%22animation-name%22%3A%22wfc%22%2C%22animation-delay%22%3A%220.5s%22%7D%7D\u00bb]<div class=\"wpb_text_column\"><div class=\"wpb_wrapper\"><p>Ahora tu dispositivo puede estar a\u00fan m\u00e1s cerca de ti. Tu foto, gr\u00e1fico o cualquier texto siempre puede estar contigo, est\u00e9s donde est\u00e9s y hagas lo que hagas gracias a la elegante protecci\u00f3n de MyScreen.<\/p>\n<\/div><\/div><div class=\"w-separator size_small\"><\/div><div class=\"w-btn-wrapper align_none\"><a class=\"w-btn us-btn-style_11\" target=\"_blank\" href=\"https:\/\/myskin.cutanduse.com\/\"><span class=\"w-btn-label\">\u00a1dise\u00f1o!<\/span><\/a><\/div><\/div><\/div><div class=\"wpb_column vc_column_container us_custom_416c32b5 has_bg_color stretched\"><div class=\"vc_column-inner\"><div class=\"w-separator size_medium\"><\/div><\/div><\/div><\/div><\/div><\/section><section class=\"l-section wpb_row height_custom\"><div class=\"l-section-h i-cf\"><div class=\"g-cols vc_row via_grid cols_1 laptops-cols_inherit tablets-cols_inherit mobiles-cols_1 valign_top type_default stacking_default\"><div class=\"wpb_column vc_column_container\"><div class=\"vc_column-inner\">[vc_custom_heading text=\u00bbVentajas de la pel\u00edcula MyScreen\u00bb font_container=\u00bbtag:h2|text_align:center\u00bb use_theme_fonts=\u00bbyes\u00bb css=\u00bb%7B%22default%22%3A%7B%22font-weight%22%3A%22700%22%2C%22animation-name%22%3A%22wfc%22%2C%22animation-delay%22%3A%220.5s%22%7D%7D\u00bb]<div class=\"w-separator size_small\"><\/div><div class=\"g-cols wpb_row via_grid cols_4 laptops-cols_inherit tablets-cols_inherit mobiles-cols_1 valign_top type_default stacking_default\" style=\"--gap:3rem;\"><div class=\"wpb_column vc_column_container\"><div class=\"vc_column-inner\"><div class=\"w-image us_custom_8f2ba1f4 us_animate_this align_none\"><div class=\"w-image-h\"><img data-recalc-dims=\"1\" decoding=\"async\" width=\"186\" height=\"188\" src=\"https:\/\/i0.wp.com\/myscreenstyle.com\/wp-content\/uploads\/2023\/08\/1.png?resize=186%2C188&#038;ssl=1\" class=\"attachment-large size-large\" alt=\"\" loading=\"lazy\" \/><\/div><\/div><div class=\"w-separator size_small\"><\/div><div class=\"wpb_text_column\"><div class=\"wpb_wrapper\"><h3>Protege contra el rayado<\/h3>\n<p>La capa superior de l\u00e1mina protege eficazmente la parte posterior contra rasgu\u00f1os.<\/p>\n<\/div><\/div><\/div><\/div><div class=\"wpb_column vc_column_container\"><div class=\"vc_column-inner\"><div class=\"w-image us_custom_7e20fa79 us_animate_this align_none\"><div class=\"w-image-h\"><img data-recalc-dims=\"1\" decoding=\"async\" width=\"145\" height=\"188\" src=\"https:\/\/i0.wp.com\/myscreenstyle.com\/wp-content\/uploads\/2023\/08\/2.png?resize=145%2C188&#038;ssl=1\" class=\"attachment-large size-large\" alt=\"\" loading=\"lazy\" \/><\/div><\/div><div class=\"w-separator size_small\"><\/div><div class=\"wpb_text_column\"><div class=\"wpb_wrapper\"><h3>Protege contra la rotura<\/h3>\n<p>La estructura multicapa fortalece la resistencia al impacto de la parte posterior del dispositivo.<\/p>\n<\/div><\/div><\/div><\/div><div class=\"wpb_column vc_column_container\"><div class=\"vc_column-inner\"><div class=\"w-image us_custom_47474b22 us_animate_this align_none\"><div class=\"w-image-h\"><img data-recalc-dims=\"1\" decoding=\"async\" width=\"201\" height=\"187\" src=\"https:\/\/i0.wp.com\/myscreenstyle.com\/wp-content\/uploads\/2023\/08\/3.png?resize=201%2C187&#038;ssl=1\" class=\"attachment-large size-large\" alt=\"\" loading=\"lazy\" \/><\/div><\/div><div class=\"w-separator size_small\"><\/div><div class=\"wpb_text_column\"><div class=\"wpb_wrapper\"><h3>Perfectamente emparejado<\/h3>\n<p>La l\u00e1mina se corta a un modelo de dispositivo espec\u00edfico. Gracias a esto, se adapta muy bien a su forma.<\/p>\n<\/div><\/div><\/div><\/div><div class=\"wpb_column vc_column_container\"><div class=\"vc_column-inner\"><div class=\"w-image us_custom_60e9caca us_animate_this align_none\"><div class=\"w-image-h\"><img data-recalc-dims=\"1\" decoding=\"async\" width=\"161\" height=\"181\" src=\"https:\/\/i0.wp.com\/myscreenstyle.com\/wp-content\/uploads\/2023\/08\/4.png?resize=161%2C181&#038;ssl=1\" class=\"attachment-large size-large\" alt=\"\" loading=\"lazy\" \/><\/div><\/div><div class=\"w-separator size_small\"><\/div><div class=\"wpb_text_column\"><div class=\"wpb_wrapper\"><h3>efecto de larga duraci\u00f3n<\/h3>\n<p>La impresi\u00f3n se encuentra entre las capas de papel aluminio, por lo que no se borrar\u00e1 ni se rayar\u00e1. No quedan rastros despu\u00e9s de quitar la l\u00e1mina.<\/p>\n<\/div><\/div><\/div><\/div><\/div><\/div><\/div><\/div><\/div><\/section><section class=\"l-section wpb_row height_custom full_height valign_center with_img parallax_ver\"><div class=\"l-section-img\" role=\"img\" data-img-width=\"2000\" data-img-height=\"1102\" style=\"background-image: url(https:\/\/myscreenstyle.com\/wp-content\/uploads\/2024\/08\/4layers.jpg);\"><\/div><div class=\"l-section-h i-cf\"><div class=\"g-cols vc_row via_grid cols_1 laptops-cols_inherit tablets-cols_inherit mobiles-cols_1 valign_top type_default stacking_default\"><div class=\"wpb_column vc_column_container\"><div class=\"vc_column-inner\">[vc_custom_heading text=\u00bb4 capas de elegante protecci\u00f3n\u00bb font_container=\u00bbtag:h2|text_align:center\u00bb use_theme_fonts=\u00bbyes\u00bb css=\u00bb%7B%22default%22%3A%7B%22font-weight%22%3A%22700%22%2C%22animation-name%22%3A%22afl%22%7D%7D\u00bb]<\/div><\/div><\/div><\/div><\/section><section class=\"l-section wpb_row height_custom\"><div class=\"l-section-h i-cf\"><div class=\"g-cols vc_row via_grid cols_1 laptops-cols_inherit tablets-cols_inherit mobiles-cols_1 valign_top type_default stacking_default\"><div class=\"wpb_column vc_column_container\"><div class=\"vc_column-inner\">[vc_custom_heading text=\u00bb3 sencillos pasos para una piel \u00fanica\u00bb font_container=\u00bbtag:h2|text_align:center\u00bb use_theme_fonts=\u00bbyes\u00bb css=\u00bb%7B%22default%22%3A%7B%22font-weight%22%3A%22700%22%2C%22animation-name%22%3A%22wfc%22%2C%22animation-delay%22%3A%220.5s%22%7D%7D\u00bb]<div class=\"w-separator size_small\"><\/div><div class=\"g-cols wpb_row via_grid cols_3 laptops-cols_inherit tablets-cols_inherit mobiles-cols_1 valign_top type_default stacking_default\" style=\"--gap:3rem;\"><div class=\"wpb_column vc_column_container\"><div class=\"vc_column-inner\"><div class=\"w-image us_custom_6c0ee9e8 us_animate_this align_none\"><div class=\"w-image-h\"><img data-recalc-dims=\"1\" decoding=\"async\" width=\"375\" height=\"514\" src=\"https:\/\/i0.wp.com\/myscreenstyle.com\/wp-content\/uploads\/2024\/08\/krok-1-en.png?resize=375%2C514&#038;ssl=1\" class=\"attachment-large size-large\" alt=\"\" loading=\"lazy\" srcset=\"https:\/\/i0.wp.com\/myscreenstyle.com\/wp-content\/uploads\/2024\/08\/krok-1-en.png?w=375&amp;ssl=1 375w, https:\/\/i0.wp.com\/myscreenstyle.com\/wp-content\/uploads\/2024\/08\/krok-1-en.png?resize=219%2C300&amp;ssl=1 219w\" sizes=\"auto, (max-width: 375px) 100vw, 375px\" \/><\/div><\/div><div class=\"wpb_text_column\"><div class=\"wpb_wrapper\"><h4 style=\"text-align: center;\">1. Toma una foto o selecciona un gr\u00e1fico.<\/h4>\n<\/div><\/div><div class=\"w-separator size_small\"><\/div><\/div><\/div><div class=\"wpb_column vc_column_container\"><div class=\"vc_column-inner\"><div class=\"w-image us_custom_46845caf us_animate_this align_none\"><div class=\"w-image-h\"><img data-recalc-dims=\"1\" decoding=\"async\" width=\"382\" height=\"512\" src=\"https:\/\/i0.wp.com\/myscreenstyle.com\/wp-content\/uploads\/2024\/08\/krok-2-en.png?resize=382%2C512&#038;ssl=1\" class=\"attachment-large size-large\" alt=\"\" loading=\"lazy\" srcset=\"https:\/\/i0.wp.com\/myscreenstyle.com\/wp-content\/uploads\/2024\/08\/krok-2-en.png?w=382&amp;ssl=1 382w, https:\/\/i0.wp.com\/myscreenstyle.com\/wp-content\/uploads\/2024\/08\/krok-2-en.png?resize=224%2C300&amp;ssl=1 224w\" sizes=\"auto, (max-width: 382px) 100vw, 382px\" \/><\/div><\/div><div class=\"wpb_text_column\"><div class=\"wpb_wrapper\"><h4 style=\"text-align: center;\">2. Aj\u00fastalo hacia atr\u00e1s en el creador en l\u00ednea.<\/h4>\n<\/div><\/div><div class=\"w-separator size_small\"><\/div><\/div><\/div><div class=\"wpb_column vc_column_container\"><div class=\"vc_column-inner\"><div class=\"w-image align_none\"><div class=\"w-image-h\"><img data-recalc-dims=\"1\" decoding=\"async\" width=\"383\" height=\"512\" src=\"https:\/\/i0.wp.com\/myscreenstyle.com\/wp-content\/uploads\/2024\/08\/krok3-en.png?resize=383%2C512&#038;ssl=1\" class=\"attachment-large size-large\" alt=\"\" loading=\"lazy\" srcset=\"https:\/\/i0.wp.com\/myscreenstyle.com\/wp-content\/uploads\/2024\/08\/krok3-en.png?w=383&amp;ssl=1 383w, https:\/\/i0.wp.com\/myscreenstyle.com\/wp-content\/uploads\/2024\/08\/krok3-en.png?resize=224%2C300&amp;ssl=1 224w\" sizes=\"auto, (max-width: 383px) 100vw, 383px\" \/><\/div><\/div><div class=\"wpb_text_column\"><div class=\"wpb_wrapper\"><h4 style=\"text-align: center;\">3. Recoger en montaje y pagar en tienda<\/h4>\n<\/div><\/div><div class=\"w-separator size_small\"><\/div><\/div><\/div><\/div><\/div><\/div><\/div><\/div><\/section><section class=\"l-section wpb_row us_custom_95ebd667 has_text_color height_custom with_img parallax_ver\"><div class=\"l-section-img\" role=\"img\" data-img-width=\"1920\" data-img-height=\"842\" style=\"background-image: url(https:\/\/myscreenstyle.com\/wp-content\/uploads\/2023\/08\/bg6a.jpg);background-repeat: no-repeat;\"><\/div><div class=\"l-section-overlay\" style=\"background:rgba(26,26,26,0.70)\"><\/div><div class=\"l-section-h i-cf\"><div class=\"g-cols vc_row via_grid cols_2-1 laptops-cols_inherit tablets-cols_inherit mobiles-cols_1 valign_top type_default stacking_default\"><div class=\"wpb_column vc_column_container\"><div class=\"vc_column-inner\"><div class=\"w-separator size_medium\"><\/div>[vc_custom_heading text=\u00bb\u00a1Dise\u00f1a tu propia piel!\u00bb use_theme_fonts=\u00bbyes\u00bb css=\u00bb%7B%22default%22%3A%7B%22color%22%3A%22%23ffffff%22%2C%22font-weight%22%3A%22700%22%2C%22animation-name%22%3A%22aft%22%7D%7D\u00bb]<div class=\"wpb_text_column us_custom_6df4bc3a has_text_color\"><div class=\"wpb_wrapper\"><p>\u00a1Es realmente simple! En tres pasos puedes cambiar la cara de tu tel\u00e9fono<\/p>\n<\/div><\/div><div class=\"w-separator size_medium\"><\/div><\/div><\/div><div class=\"wpb_column vc_column_container\"><div class=\"vc_column-inner\"><div class=\"w-separator size_large\"><\/div><div class=\"w-btn-wrapper align_center\"><a class=\"w-btn us-btn-style_16\" target=\"_blank\" href=\"https:\/\/myskin.cutanduse.com\/\"><span class=\"w-btn-label\">IR AL MAGO<\/span><\/a><\/div><\/div><\/div><\/div><\/div><\/section>\n","protected":false},"excerpt":{"rendered":"\u00a1Dise\u00f1a tu propia piel!IR AL MAGO[vc_custom_heading text=\"L\u00e1mina MyScreen personalizada para la parte posterior de su dispositivo.\" use_theme_fonts=\"yes\" css=\"%7B%22default%22%3A%7B%22font-weight%22%3A%22700%22%2C%22animation-name%22%3A%22wfc%22%2C%22animation-delay%22%3A%220.5s%22%7D%7D\"]Ahora tu dispositivo puede estar a\u00fan m\u00e1s cerca de ti. Tu foto, gr\u00e1fico o cualquier texto siempre puede estar contigo, est\u00e9s donde est\u00e9s y hagas lo que hagas gracias a la elegante protecci\u00f3n de MyScreen. \u00a1dise\u00f1o![vc_custom_heading text=\"Ventajas de...","protected":false},"author":2,"featured_media":0,"parent":0,"menu_order":0,"comment_status":"closed","ping_status":"closed","template":"","meta":{"footnotes":""},"class_list":["post-8542","page","type-page","status-publish","hentry"],"yoast_head":"<!-- This site is optimized with the Yoast SEO plugin v23.7 - https:\/\/yoast.com\/wordpress\/plugins\/seo\/ -->\n<title>MyScreen STYLE - Dise\u00f1a la parte trasera de tu tel\u00e9fono con MyScreen Style<\/title>\n<meta name=\"robots\" content=\"index, follow, max-snippet:-1, max-image-preview:large, max-video-preview:-1\" \/>\n<link rel=\"canonical\" href=\"https:\/\/myscreenstyle.com\/es\/\" \/>\n<meta property=\"og:locale\" content=\"es_ES\" \/>\n<meta property=\"og:type\" content=\"article\" \/>\n<meta property=\"og:title\" content=\"MyScreen STYLE - Dise\u00f1a la parte trasera de tu tel\u00e9fono con MyScreen Style\" \/>\n<meta property=\"og:url\" content=\"https:\/\/myscreenstyle.com\/es\/\" \/>\n<meta property=\"og:site_name\" content=\"MyScreen STYLE\" \/>\n<meta property=\"article:modified_time\" content=\"2024-08-30T07:06:14+00:00\" \/>\n<meta name=\"twitter:card\" content=\"summary_large_image\" \/>\n<meta name=\"twitter:label1\" content=\"Tiempo de lectura\" \/>\n\t<meta name=\"twitter:data1\" content=\"2 minutos\" \/>\n<script type=\"application\/ld+json\" class=\"yoast-schema-graph\">{\"@context\":\"https:\/\/schema.org\",\"@graph\":[{\"@type\":\"WebPage\",\"@id\":\"https:\/\/myscreenstyle.com\/es\/\",\"url\":\"https:\/\/myscreenstyle.com\/es\/\",\"name\":\"MyScreen STYLE - Dise\u00f1a la parte trasera de tu tel\u00e9fono con MyScreen Style\",\"isPartOf\":{\"@id\":\"https:\/\/myscreenstyle.com\/es\/#website\"},\"datePublished\":\"2013-06-13T05:48:46+00:00\",\"dateModified\":\"2024-08-30T07:06:14+00:00\",\"breadcrumb\":{\"@id\":\"https:\/\/myscreenstyle.com\/es\/#breadcrumb\"},\"inLanguage\":\"es\",\"potentialAction\":[{\"@type\":\"ReadAction\",\"target\":[\"https:\/\/myscreenstyle.com\/es\/\"]}]},{\"@type\":\"BreadcrumbList\",\"@id\":\"https:\/\/myscreenstyle.com\/es\/#breadcrumb\",\"itemListElement\":[{\"@type\":\"ListItem\",\"position\":1,\"name\":\"Strona g\u0142\u00f3wna\",\"item\":\"https:\/\/myscreenstyle.com\/es\/\"},{\"@type\":\"ListItem\",\"position\":2,\"name\":\"Home\"}]},{\"@type\":\"WebSite\",\"@id\":\"https:\/\/myscreenstyle.com\/es\/#website\",\"url\":\"https:\/\/myscreenstyle.com\/es\/\",\"name\":\"MyScreen STYLE\",\"description\":\"\",\"potentialAction\":[{\"@type\":\"SearchAction\",\"target\":{\"@type\":\"EntryPoint\",\"urlTemplate\":\"https:\/\/myscreenstyle.com\/es\/?s={search_term_string}\"},\"query-input\":{\"@type\":\"PropertyValueSpecification\",\"valueRequired\":true,\"valueName\":\"search_term_string\"}}],\"inLanguage\":\"es\"}]}<\/script>\n<!-- \/ Yoast SEO plugin. -->","yoast_head_json":{"title":"MyScreen STYLE - Dise\u00f1a la parte trasera de tu tel\u00e9fono con MyScreen Style","robots":{"index":"index","follow":"follow","max-snippet":"max-snippet:-1","max-image-preview":"max-image-preview:large","max-video-preview":"max-video-preview:-1"},"canonical":"https:\/\/myscreenstyle.com\/es\/","og_locale":"es_ES","og_type":"article","og_title":"MyScreen STYLE - Dise\u00f1a la parte trasera de tu tel\u00e9fono con MyScreen Style","og_url":"https:\/\/myscreenstyle.com\/es\/","og_site_name":"MyScreen STYLE","article_modified_time":"2024-08-30T07:06:14+00:00","twitter_card":"summary_large_image","twitter_misc":{"Tiempo de lectura":"2 minutos"},"schema":{"@context":"https:\/\/schema.org","@graph":[{"@type":"WebPage","@id":"https:\/\/myscreenstyle.com\/es\/","url":"https:\/\/myscreenstyle.com\/es\/","name":"MyScreen STYLE - Dise\u00f1a la parte trasera de tu tel\u00e9fono con MyScreen Style","isPartOf":{"@id":"https:\/\/myscreenstyle.com\/es\/#website"},"datePublished":"2013-06-13T05:48:46+00:00","dateModified":"2024-08-30T07:06:14+00:00","breadcrumb":{"@id":"https:\/\/myscreenstyle.com\/es\/#breadcrumb"},"inLanguage":"es","potentialAction":[{"@type":"ReadAction","target":["https:\/\/myscreenstyle.com\/es\/"]}]},{"@type":"BreadcrumbList","@id":"https:\/\/myscreenstyle.com\/es\/#breadcrumb","itemListElement":[{"@type":"ListItem","position":1,"name":"Strona g\u0142\u00f3wna","item":"https:\/\/myscreenstyle.com\/es\/"},{"@type":"ListItem","position":2,"name":"Home"}]},{"@type":"WebSite","@id":"https:\/\/myscreenstyle.com\/es\/#website","url":"https:\/\/myscreenstyle.com\/es\/","name":"MyScreen STYLE","description":"","potentialAction":[{"@type":"SearchAction","target":{"@type":"EntryPoint","urlTemplate":"https:\/\/myscreenstyle.com\/es\/?s={search_term_string}"},"query-input":{"@type":"PropertyValueSpecification","valueRequired":true,"valueName":"search_term_string"}}],"inLanguage":"es"}]}},"jetpack_sharing_enabled":true,"_links":{"self":[{"href":"https:\/\/myscreenstyle.com\/es\/wp-json\/wp\/v2\/pages\/8542","targetHints":{"allow":["GET"]}}],"collection":[{"href":"https:\/\/myscreenstyle.com\/es\/wp-json\/wp\/v2\/pages"}],"about":[{"href":"https:\/\/myscreenstyle.com\/es\/wp-json\/wp\/v2\/types\/page"}],"author":[{"embeddable":true,"href":"https:\/\/myscreenstyle.com\/es\/wp-json\/wp\/v2\/users\/2"}],"replies":[{"embeddable":true,"href":"https:\/\/myscreenstyle.com\/es\/wp-json\/wp\/v2\/comments?post=8542"}],"version-history":[{"count":6,"href":"https:\/\/myscreenstyle.com\/es\/wp-json\/wp\/v2\/pages\/8542\/revisions"}],"predecessor-version":[{"id":8697,"href":"https:\/\/myscreenstyle.com\/es\/wp-json\/wp\/v2\/pages\/8542\/revisions\/8697"}],"wp:attachment":[{"href":"https:\/\/myscreenstyle.com\/es\/wp-json\/wp\/v2\/media?parent=8542"}],"curies":[{"name":"wp","href":"https:\/\/api.w.org\/{rel}","templated":true}]}}